{"id":197,"date":"2022-04-19T10:35:03","date_gmt":"2022-04-19T08:35:03","guid":{"rendered":"http:\/\/meeting.mcz.it?page_id=197"},"modified":"2022-04-19T10:44:11","modified_gmt":"2022-04-19T08:44:11","slug":"datenschutzbestimmungen","status":"publish","type":"page","link":"https:\/\/meeting.mcz.it\/de\/datenschutzbestimmungen\/","title":{"rendered":"Datenschutzbestimmungen"},"content":{"rendered":"\n<p>MCZ Group S.p.A. mit Sitz in 33074 Vigonovo di Fontanafredda (PN), Via La Croce 8, gibt als Rechtseinhaber der Verarbeitung der personenbezogenen Daten (nachfolgend \u201eRechtseinhaber\u201c genannt) die vorliegende Erkl\u00e4rung in \u00dcbereinstimmung mit den europ\u00e4ischen und italienischen Vorschriften zum Schutz personenbezogener Daten ab.<\/p>\n\n\n\n<p>Der Rechtsinhaber hat einen Datenschutzbeauftragten (DPO) ernannt, der unter folgender Adresse f\u00fcr den Betroffenen erreichbar ist: dpo@mcz.it.<\/p>\n\n\n\n<p><strong><u>Zweck und gesetzliche Grundlage der Datenverarbeitung<\/u><\/strong><strong><u><\/u><\/strong><\/p>\n\n\n\n<p>Der Rechtsinhaber verarbeitet die personenbezogenen Daten zu den folgenden Zwecken:<\/p>\n\n\n\n<ol class=\"wp-block-list\" type=\"a\"><li>Zur Erm\u00f6glichung der Anmeldung, Registrierung und Teilnahme an dem vom Verantwortlichen veranstalteten Event \u201e<strong>Meeting 2022\u201c <\/strong>und zur Verfolgung der rechtm\u00e4\u00dfigen Interessen des Rechtsinhabers in Verbindung mit der Planung und Organisation des Events;<\/li><li>Erf\u00fcllung der gesetzlichen Bestimmungen in Bezug auf die Aktivit\u00e4ten der Verwaltung, Durchf\u00fchrung und Logistik des Events, f\u00fcr das sich die betroffene Person anmelden m\u00f6chte;<\/li><li>mit ihrer entsprechenden Zustimmung und Haftungsausschlusserkl\u00e4rung die Verwendung eines Bildnisses der betroffenen Person unter Einhaltung der Bestimmungen zum Schutz personenbezogener Daten (Art. 13-14, Verordnung (EU) 2016\/679), zum Schutz des Urheberrechts (Art. 96-98, Gesetz Nr. 633\/1941) und zum Missbrauch von Bildnissen anderer Personen (Art. 10 ital. BGB);<\/li><\/ol>\n\n\n\n<p>Rechtsgrundlage f\u00fcr die Verarbeitung ist die Notwendigkeit zur Erf\u00fcllung der oben genannten Zwecke.<\/p>\n\n\n\n<p><strong><u>Aufbewahrungsdauer der Daten<\/u><\/strong><strong><u><\/u><\/strong><\/p>\n\n\n\n<p>Nach Beendigung des Events verarbeitet der Rechtsinhaber die Daten der betroffenen Person f\u00fcr alle Erf\u00fcllungen, die mit dem Event in Verbindung stehen oder daraus resultieren (Punkt 1 und 2), f\u00fcr den gesetzlich vorgeschriebenen Zeitraum und entsprechend der vorgegebenen Frist f\u00fcr die aus dem Verkaufsvertrag resultierenden Rechte, unbeschadet einer l\u00e4ngeren Speicherung zur (schlie\u00dflich erzielten) Beilegung eventuell entstandener Streitigkeiten.<\/p>\n\n\n\n<p>Zu den Zwecken gem\u00e4\u00df Punkt 3) werden die Bildnisses f\u00fcr die Zeit aufbewahrt, die zur Erzielung der oben genannten Zwecke erforderlich ist.<\/p>\n\n\n\n<p><strong><u>Art der Zurverf\u00fcgungstellung der Daten und Folgen im Fall einer Ablehnung<\/u><\/strong><strong><u><\/u><\/strong><\/p>\n\n\n\n<p>Die Zurverf\u00fcgungstellung der Daten gem\u00e4\u00df Punkt A und B ist erforderlich und eine unabdingbare Voraussetzung zur Erm\u00f6glichung der Anmeldung, Registrierung und Teilnahme am Event. Die nicht erfolgte Zurverf\u00fcgungstellung f\u00fchrt in jedem Fall zur Unm\u00f6glichkeit, sich anzumelden und\/oder zu registrieren und\/oder teilzunehmen.<\/p>\n\n\n\n<p>Die Zurverf\u00fcgungstellung der Daten zu den Zwecken gem\u00e4\u00df Punkt 3 ist freiwillig. Sollte diese nicht erfolgen, kann der Verantwortliche die entsprechenden T\u00e4tigkeiten nicht ausf\u00fchren, ist aber dennoch berechtigt, die Zwecke gem\u00e4\u00df Punkt 1 und 2 zu verfolgen.\u00a0<\/p>\n\n\n\n<p><strong><u>Kategorien von Empf\u00e4ngern<\/u><\/strong><\/p>\n\n\n\n<p>Ausschlie\u00dflich zu den oben genannten Zwecken k\u00f6nnen die erfassten und verarbeiteten Daten an interne Mitarbeiter mit Befugnis zur Datenverarbeitung im Rahmen ihres Aufgabenbereiches sowie an folgende Au\u00dfenstehende weitergeleitet werden:<\/p>\n\n\n\n<ul class=\"wp-block-list\"><li>Drittunternehmen oder andere Personen\/Firmen (Lieferanten, Techniker f\u00fcr Hardware- und Software-Wartung, professionelle Studios etc.), die als Auftragsverarbeiter im Outsourcing T\u00e4tigkeiten f\u00fcr den Verantwortlichen ausf\u00fchren, sowie Hotels, Reiseb\u00fcros, Transportunternehmen, jede andere physische\/juristische Firma\/Person, die daf\u00fcr zu sorgen hat, Ihren Aufenthalt oder Ihre Teilnahme am Event zu verbessern,<\/li><li>Social Media Manager, Verantwortliche f\u00fcr die grafische Verarbeitung, Druck-Layouts etc.,<\/li><li>verschiedene Kategorien von Personen\/Firmen, die auf unserer Webseite <a href=\"http:\/\/www.mczgroup.it\">www.mczgroup.it<\/a>, <a href=\"http:\/\/www.yourfire.com\">www.yourfire.com<\/a> und\/oder unseren Seiten der wichtigsten Sozialen Netzwerke\/Medien (Facebook, Pinterest, Youtube, Instagram) ver\u00f6ffentlicht sind.<\/li><\/ul>\n\n\n\n<p>Diese Empf\u00e4nger werden, falls sie die Daten im Auftrag des Verantwortlichen bearbeiten sollten, per entsprechendem Vertrag oder anderem gesetzlich g\u00fcltigem Dokument zu Auftragsverarbeitern ernannt.<\/p>\n\n\n\n<p><strong><u>Daten\u00fcbermittlung an ein Drittland und\/oder an eine internationale Organisation<\/u><\/strong><strong><u><\/u><\/strong><\/p>\n\n\n\n<p>Personenbezogene Daten werden normalerweise nicht an au\u00dfereurop\u00e4ische Drittl\u00e4nder oder internationale Organisationen weitergegeben. Es ist dennoch m\u00f6glich, dass es f\u00fcr den Rechtsinhaber der Datenverarbeitung erforderlich ist, die Daten im Rahmen von Gesch\u00e4ftsbeziehungen an Partner au\u00dferhalb der Europ\u00e4ischen Union zu \u00fcbermitteln, ebenso wie im Rahmen der Verwendung von elektronischen Hilfsmitteln (Cloud, Backup etc.): In all diesen F\u00e4llen erfolgen die \u00dcbermittlungen in \u00dcbereinstimmung mit den einschl\u00e4gigen Vorschriften der Datenschutzgesetze.<\/p>\n\n\n\n<p><strong><u>Rechte der betroffenen Person <\/u><\/strong><strong><u><\/u><\/strong><\/p>\n\n\n\n<p>Die betroffene Person hat das Recht, den Rechtsinhaber aufzufordern, ihr Zugang zu den personenbezogenen Daten zu gew\u00e4hren und diese zu berichtigen, falls sie nicht korrekt sind, sie zu l\u00f6schen oder die Verarbeitung einzuschr\u00e4nken, wenn die Voraussetzungen gegeben sind, gegen ihre Verarbeitung aus Gr\u00fcnden berechtigter Interessen des f\u00fcr die Verarbeitung Verantwortlichen Einspruch zu erheben sowie die \u00dcbertragbarkeit der pers\u00f6nlich zur Verf\u00fcgung gestellten Daten zu erreichen, sofern diese einer automatischen Verarbeitung unterliegen, die sich auf Zustimmung oder einen Vertrag gr\u00fcndet. Die betroffene Person hat au\u00dferdem das Recht, die erteilte Einwilligung f\u00fcr die Zwecke der Verarbeitung, die sie voraussetzen, zu widerrufen, unbeschadet der Rechtm\u00e4\u00dfigkeit der bis zum Zeitpunkt des Widerrufs erfolgten Verarbeitung.<\/p>\n\n\n\n<p>Zur Aus\u00fcbung ihrer Rechte kann die betreffende Person den Verantwortlichen unter der folgenden Mailadresse kontaktieren: <a href=\"mailto:privacy@mcz.it\">privacy@mcz.it<\/a>.<\/p>\n\n\n\n<p>Die betroffene Person hat au\u00dferdem das Recht, eine Beschwerde bei der zust\u00e4ndigen Aufsichtsbeh\u00f6rde, der Datenschutzbeh\u00f6rde (<a href=\"http:\/\/www.garanteprivacy.it\">www.garanteprivacy.it<\/a>), einzulegen.<\/p>\n","protected":false},"excerpt":{"rendered":"<p>MCZ Group S.p.A. mit Sitz in 33074 Vigonovo di Fontanafredda (PN), Via La Croce 8, gibt als Rechtseinhaber der Verarbeitung der personenbezogenen Daten (nachfolgend \u201eRechtseinhaber\u201c genannt) die vorliegende Erkl\u00e4rung in \u00dcbereinstimmung mit den europ\u00e4ischen und italienischen Vorschriften zum Schutz personenbezogener Daten ab. Der Rechtsinhaber hat einen Datenschutzbeauftragten (DPO) ernannt, der unter folgender Adresse f\u00fcr den [&hellip;]<\/p>\n","protected":false},"author":1,"featured_media":0,"parent":0,"menu_order":0,"comment_status":"closed","ping_status":"closed","template":"","meta":{"footnotes":""},"class_list":["post-197","page","type-page","status-publish","hentry"],"acf":[],"_links":{"self":[{"href":"https:\/\/meeting.mcz.it\/de\/wp-json\/wp\/v2\/pages\/197","targetHints":{"allow":["GET"]}}],"collection":[{"href":"https:\/\/meeting.mcz.it\/de\/wp-json\/wp\/v2\/pages"}],"about":[{"href":"https:\/\/meeting.mcz.it\/de\/wp-json\/wp\/v2\/types\/page"}],"author":[{"embeddable":true,"href":"https:\/\/meeting.mcz.it\/de\/wp-json\/wp\/v2\/users\/1"}],"replies":[{"embeddable":true,"href":"https:\/\/meeting.mcz.it\/de\/wp-json\/wp\/v2\/comments?post=197"}],"version-history":[{"count":1,"href":"https:\/\/meeting.mcz.it\/de\/wp-json\/wp\/v2\/pages\/197\/revisions"}],"predecessor-version":[{"id":198,"href":"https:\/\/meeting.mcz.it\/de\/wp-json\/wp\/v2\/pages\/197\/revisions\/198"}],"wp:attachment":[{"href":"https:\/\/meeting.mcz.it\/de\/wp-json\/wp\/v2\/media?parent=197"}],"curies":[{"name":"wp","href":"https:\/\/api.w.org\/{rel}","templated":true}]}}